{"id":16,"date":"2025-01-08T14:49:19","date_gmt":"2025-01-08T13:49:19","guid":{"rendered":"https:\/\/casayolimaro.es\/?page_id=16"},"modified":"2025-01-08T14:49:20","modified_gmt":"2025-01-08T13:49:20","slug":"politica-de-cookies","status":"publish","type":"page","link":"https:\/\/casayolimaro.es\/en\/politica-de-cookies\/","title":{"rendered":"Cookie Policy"},"content":{"rendered":"<p><\/p>\n\n\n\n<p><strong>INFORMATION ABOUT COOKIES<\/strong><\/p>\n\n\n\n<p>In accordance with Law 34\/2002, of 11 July, on information society services and electronic commerce (LSSI), in relation to Regulation (EU) 2016\/679 of the European Parliament and of the Council, of 27 April 2016, General Data Protection Regulation (GDPR) and Organic Law 3\/2018, of 5 December, on Data Protection and Guarantee of Digital Rights (LOPDGDD), it is obligatory to obtain the express consent of the user of all websites that use dispensable cookies, before the user browses them.<\/p>\n\n\n\n<p><strong>WHAT ARE COOKIES?<\/strong><\/p>\n\n\n\n<p>The&nbsp;<em>cookies&nbsp;<\/em>and other similar technologies such as local shared objects, flash, and other similar technologies such as local shared objects.&nbsp;<em>cookies&nbsp;<\/em>or pixels, are tools used by web servers to store and retrieve information about their visitors, as well as to provide a correct functioning of the site.<\/p>\n\n\n\n<p>The use of these devices allows the web server to remember some data concerning the user, such as his preferences for viewing the pages of that server, name and password, products he is most interested in, etc.<\/p>\n\n\n\n<p><strong><em>COOKIES&nbsp;<\/em><\/strong><strong>AFFECTED BY THE REGULATION AND EXEMPTED COOKIES<\/strong><\/p>\n\n\n\n<p>According to the EU directive, the&nbsp;<em>cookies&nbsp;<\/em>that require the user's informed consent are the following&nbsp;<em>cookies&nbsp;<\/em>analytics, advertising and affiliation, with the exception of those of a technical nature and those necessary for the operation of the website or the provision of services expressly requested by the user.<\/p>\n\n\n\n<p><strong>TYPES OF COOKIES<\/strong><\/p>\n\n\n\n<p><strong>DEPENDING ON THE PURPOSE<\/strong><\/p>\n\n\n\n<p><em><strong>Cookies&nbsp;<\/strong><\/em><strong>technical and functional<\/strong>are those that allow the user to browse through a website, platform or application and to use the different options or services that exist on it.<em>.<\/em><\/p>\n\n\n\n<p><em><strong>Cookies&nbsp;<\/strong><\/em><strong>analytics<\/strong>These are those that allow the party responsible for them to monitor and analyse the behaviour of the users of the websites to which they are linked. The information collected through this type of&nbsp;<em>cookies<\/em>&nbsp;is used to measure the activity of websites, applications or platforms and for the elaboration of browsing profiles of the users of these sites, applications and platforms, in order to make improvements based on the analysis of the data on the use made by users of the service.<\/p>\n\n\n\n<p><em><strong>Cookies<\/strong><\/em>&nbsp;<strong>advertising:<\/strong>&nbsp;are those that allow the management, in the most efficient way possible, of the advertising spaces that, where appropriate, the publisher has included on a website, application or platform from which it provides the requested service based on criteria such as the edited content or the frequency at which the advertisements are displayed.<\/p>\n\n\n\n<p><em><strong>Cookies&nbsp;<\/strong><\/em><strong>of behavioural advertising<\/strong>collect information on the user's personal preferences and choices (<em>retargeting<\/em>) to enable the management, in the most efficient way possible, of the advertising spaces that, where appropriate, the publisher has included on a website, application or platform from which it provides the requested service.<\/p>\n\n\n\n<p><em><strong>Cookies&nbsp;<\/strong><\/em><strong>social<\/strong>are set up by social media platforms on the Services to allow you to share content with your friends and networks. Social media platforms have the ability to track your online activity outside of the Services. This may affect the content and messages you see on other services you visit.<\/p>\n\n\n\n<p><em><strong>Cookies&nbsp;<\/strong><\/em><strong>of members<\/strong>: allow you to track visits from other websites with which the website has an affiliation contract (affiliation companies).<\/p>\n\n\n\n<p><em><strong>Cookies&nbsp;<\/strong><\/em><strong>security<\/strong>They store encrypted information to prevent the data stored on them from being vulnerable to malicious attacks by third parties.<\/p>\n\n\n\n<p><strong>ACCORDING TO OWNERSHIP<\/strong><\/p>\n\n\n\n<p><em><strong>Cookies<\/strong><\/em><strong>&nbsp;own<\/strong>are those that are sent to the user's terminal equipment from a computer or domain managed by the publisher itself and from which the service requested by the user is provided.<\/p>\n\n\n\n<p><em><strong>Cookies<\/strong><\/em>&nbsp;<strong>of third parties:<\/strong>&nbsp;cookies are those that are sent to the user's terminal equipment from a computer or domain that is not managed by the editor, but by another entity that processes the data obtained through the cookies.<\/p>\n\n\n\n<p><strong>ACCORDING TO THE SHELF LIFE<\/strong><\/p>\n\n\n\n<p><em><strong>Cookies<\/strong><\/em><strong>&nbsp;session:<\/strong>&nbsp;are a type of&nbsp;<em>cookies<\/em>&nbsp;designed to collect and store data while the user accesses a web page.<\/p>\n\n\n\n<p><em><strong>Cookies<\/strong><\/em><strong>&nbsp;persistent:<\/strong>&nbsp;are a type of cookie in which the data remains stored in the terminal and can be accessed and processed for a period of time defined by the data controller.&nbsp;<em>cookie<\/em>and can range from a few minutes to several years.<\/p>\n\n\n\n<p><strong>PROCESSING OF PERSONAL DATA<\/strong><\/p>\n\n\n\n<p>We are&nbsp;<strong>Data controller<\/strong>&nbsp;of the personal data of the&nbsp;<strong>Interested&nbsp;<\/strong>and informs you that this data will be processed in accordance with the provisions of Regulation (EU) 2016\/679 of 27 April 2016 (GDPR), for which you are provided with the following processing information:<\/p>\n\n\n\n<p><strong>Aims of treatment:&nbsp;<\/strong>as specified in the&nbsp;<em>cookies&nbsp;<\/em>used on this website.<\/p>\n\n\n\n<p><strong>Legitimation of the processing<\/strong>by consent of the data subject (art. 6.1 GDPR).<\/p>\n\n\n\n<p><strong>Data retention criteria<\/strong>as specified in the&nbsp;<em>cookies&nbsp;<\/em>used on the web.<\/p>\n\n\n\n<p><strong>Communication of data<\/strong>No data will be communicated to third parties, except in the case of cookies owned by third parties or by legal obligation.<\/p>\n\n\n\n<p><strong>Rights of the Stakeholder<\/strong>:<\/p>\n\n\n\n<ul class=\"wp-block-list\">\n<li>Right to withdraw consent at any time.<\/li>\n\n\n\n<li>The right of access, rectification, portability and deletion of your data, and the right to limit or oppose its processing.<\/li>\n\n\n\n<li>The right to lodge a complaint with the supervisory authority (www.aepd.es) if you consider that the processing does not comply with the regulations in force.<\/li>\n<\/ul>\n\n\n\n<p><strong>Contact details for exercising your rights:<\/strong><\/p>\n\n\n\n<p>Rafael Ruiz Casanova<\/p>","protected":false},"excerpt":{"rendered":"<p>INFORMACI\u00d3N SOBRE COOKIES Conforme con la Ley 34\/2002, de 11 de julio, de servicios de la sociedad de la informaci\u00f3n y de comercio electr\u00f3nico (LSSI), en relaci\u00f3n con el Reglamento (UE) 2016\/679 del Parlamento Europeo y del Consejo, de 27 de abril de 2016, General de Protecci\u00f3n de Datos (GDPR) y la Ley Org\u00e1nica 3\/2018, [&hellip;]<\/p>","protected":false},"author":1,"featured_media":0,"parent":0,"menu_order":0,"comment_status":"closed","ping_status":"closed","template":"","meta":{"footnotes":""},"class_list":["post-16","page","type-page","status-publish","hentry"],"_hostinger_reach_plugin_has_subscription_block":false,"_hostinger_reach_plugin_is_elementor":false,"_links":{"self":[{"href":"https:\/\/casayolimaro.es\/en\/wp-json\/wp\/v2\/pages\/16","targetHints":{"allow":["GET"]}}],"collection":[{"href":"https:\/\/casayolimaro.es\/en\/wp-json\/wp\/v2\/pages"}],"about":[{"href":"https:\/\/casayolimaro.es\/en\/wp-json\/wp\/v2\/types\/page"}],"author":[{"embeddable":true,"href":"https:\/\/casayolimaro.es\/en\/wp-json\/wp\/v2\/users\/1"}],"replies":[{"embeddable":true,"href":"https:\/\/casayolimaro.es\/en\/wp-json\/wp\/v2\/comments?post=16"}],"version-history":[{"count":1,"href":"https:\/\/casayolimaro.es\/en\/wp-json\/wp\/v2\/pages\/16\/revisions"}],"predecessor-version":[{"id":17,"href":"https:\/\/casayolimaro.es\/en\/wp-json\/wp\/v2\/pages\/16\/revisions\/17"}],"wp:attachment":[{"href":"https:\/\/casayolimaro.es\/en\/wp-json\/wp\/v2\/media?parent=16"}],"curies":[{"name":"wp","href":"https:\/\/api.w.org\/{rel}","templated":true}]}}