{"id":477,"date":"2025-01-20T15:12:15","date_gmt":"2025-01-20T14:12:15","guid":{"rendered":"https:\/\/casayolimaro.es\/?page_id=477"},"modified":"2025-01-27T16:34:39","modified_gmt":"2025-01-27T15:34:39","slug":"entorno","status":"publish","type":"page","link":"https:\/\/casayolimaro.es\/de\/entorno\/","title":{"rendered":"Umwelt"},"content":{"rendered":"<div data-elementor-type=\"wp-page\" data-elementor-id=\"477\" class=\"elementor elementor-477\" data-elementor-post-type=\"page\">\n\t\t\t\t<div class=\"elementor-element elementor-element-0b6c0cb e-flex e-con-boxed e-con e-parent\" data-id=\"0b6c0cb\" data-element_type=\"container\" data-e-type=\"container\">\n\t\t\t\t\t<div class=\"e-con-inner\">\n\t\t\t\t<div class=\"elementor-element elementor-element-5b89366 elementor-widget elementor-widget-heading\" data-id=\"5b89366\" data-element_type=\"widget\" data-e-type=\"widget\" data-widget_type=\"heading.default\">\n\t\t\t\t<div class=\"elementor-widget-container\">\n\t\t\t\t\t<h1 class=\"elementor-heading-title elementor-size-default\">Informationen \u00fcber die Region<\/h1>\t\t\t\t<\/div>\n\t\t\t\t<\/div>\n\t\t\t\t\t<\/div>\n\t\t\t\t<\/div>\n\t\t<div class=\"elementor-element elementor-element-2b5219b e-flex e-con-boxed e-con e-parent\" data-id=\"2b5219b\" data-element_type=\"container\" data-e-type=\"container\">\n\t\t\t\t\t<div class=\"e-con-inner\">\n\t\t<div class=\"elementor-element elementor-element-55818b3 e-con-full e-flex e-con e-child\" data-id=\"55818b3\" data-element_type=\"container\" data-e-type=\"container\">\n\t\t\t\t<div class=\"elementor-element elementor-element-8d6fd73 elementor-widget elementor-widget-image\" data-id=\"8d6fd73\" data-element_type=\"widget\" data-e-type=\"widget\" data-widget_type=\"image.default\">\n\t\t\t\t<div class=\"elementor-widget-container\">\n\t\t\t\t\t\t\t\t\t\t\t\t\t\t\t<img fetchpriority=\"high\" decoding=\"async\" width=\"800\" height=\"468\" src=\"https:\/\/casayolimaro.es\/wp-content\/uploads\/2025\/01\/9F88EF48-B2BB-9E47-334D-4CD0E753449C-1-1024x599.jpeg\" class=\"attachment-large size-large wp-image-488\" alt=\"\" srcset=\"https:\/\/casayolimaro.es\/wp-content\/uploads\/2025\/01\/9F88EF48-B2BB-9E47-334D-4CD0E753449C-1-1024x599.jpeg 1024w, https:\/\/casayolimaro.es\/wp-content\/uploads\/2025\/01\/9F88EF48-B2BB-9E47-334D-4CD0E753449C-1-300x176.jpeg 300w, https:\/\/casayolimaro.es\/wp-content\/uploads\/2025\/01\/9F88EF48-B2BB-9E47-334D-4CD0E753449C-1-768x449.jpeg 768w, https:\/\/casayolimaro.es\/wp-content\/uploads\/2025\/01\/9F88EF48-B2BB-9E47-334D-4CD0E753449C-1-1536x899.jpeg 1536w, https:\/\/casayolimaro.es\/wp-content\/uploads\/2025\/01\/9F88EF48-B2BB-9E47-334D-4CD0E753449C-1-18x12.jpeg 18w, https:\/\/casayolimaro.es\/wp-content\/uploads\/2025\/01\/9F88EF48-B2BB-9E47-334D-4CD0E753449C-1.jpeg 1900w\" sizes=\"(max-width: 800px) 100vw, 800px\" \/>\t\t\t\t\t\t\t\t\t\t\t\t\t\t\t<\/div>\n\t\t\t\t<\/div>\n\t\t\t\t<\/div>\n\t\t<div class=\"elementor-element elementor-element-34eda89 e-con-full e-flex e-con e-child\" data-id=\"34eda89\" data-element_type=\"container\" data-e-type=\"container\">\n\t\t\t\t<div class=\"elementor-element elementor-element-b6ca2cf elementor-widget elementor-widget-text-editor\" data-id=\"b6ca2cf\" data-element_type=\"widget\" data-e-type=\"widget\" data-widget_type=\"text-editor.default\">\n\t\t\t\t<div class=\"elementor-widget-container\">\n\t\t\t\t\t\t\t\t\t<p class=\"Normal ospfxwff214113bd4997ca65a8fa76c8ff8c4dossfx\">Maro ist eine kleine, malerische Stadt in der Provinz M\u00e1laga, in der autonomen Gemeinschaft Andalusien, Spanien. Sie ist Teil der Gemeinde Nerja, die f\u00fcr ihre beeindruckenden H\u00f6hlen und sch\u00f6nen Str\u00e4nde bekannt ist. Hier ist ein Reisef\u00fchrer f\u00fcr Maro:<\/p><p class=\"Normal ospfxwfb664b65ce958c76e4a635006a3ad4d2ossfx\"><b>Standort:<\/b>\u00a0Maro liegt etwa 4 km \u00f6stlich von Nerja und 55 km \u00f6stlich von M\u00e1laga.<\/p><p class=\"Normal ospfxw43f4ae37364c9b7435b3f4d4fd8fa179ossfx\"><b>Wie man dorthin kommt:<\/b>\u00a0Sie erreichen Maro mit dem Auto von M\u00e1laga aus \u00fcber die N-340 oder die Autobahn A-7. Es gibt auch regelm\u00e4\u00dfige Busse, die Nerja mit Maro verbinden.<\/p>\t\t\t\t\t\t\t\t<\/div>\n\t\t\t\t<\/div>\n\t\t\t\t<\/div>\n\t\t\t\t\t<\/div>\n\t\t\t\t<\/div>\n\t\t<div class=\"elementor-element elementor-element-1697785 e-flex e-con-boxed e-con e-parent\" data-id=\"1697785\" data-element_type=\"container\" data-e-type=\"container\">\n\t\t\t\t\t<div class=\"e-con-inner\">\n\t\t<div class=\"elementor-element elementor-element-08b4412 e-con-full e-flex e-con e-child\" data-id=\"08b4412\" data-element_type=\"container\" data-e-type=\"container\">\n\t\t\t\t<div class=\"elementor-element elementor-element-3891d84 elementor-widget elementor-widget-image\" data-id=\"3891d84\" data-element_type=\"widget\" data-e-type=\"widget\" data-widget_type=\"image.default\">\n\t\t\t\t<div class=\"elementor-widget-container\">\n\t\t\t\t\t\t\t\t\t\t\t\t\t\t\t<img decoding=\"async\" width=\"800\" height=\"534\" src=\"https:\/\/casayolimaro.es\/wp-content\/uploads\/2025\/01\/CD58C168-7777-E86D-C961-B15B0D33DEFA-1.jpg\" class=\"attachment-large size-large wp-image-489\" alt=\"\" srcset=\"https:\/\/casayolimaro.es\/wp-content\/uploads\/2025\/01\/CD58C168-7777-E86D-C961-B15B0D33DEFA-1.jpg 1024w, https:\/\/casayolimaro.es\/wp-content\/uploads\/2025\/01\/CD58C168-7777-E86D-C961-B15B0D33DEFA-1-300x200.jpg 300w, https:\/\/casayolimaro.es\/wp-content\/uploads\/2025\/01\/CD58C168-7777-E86D-C961-B15B0D33DEFA-1-768x512.jpg 768w, https:\/\/casayolimaro.es\/wp-content\/uploads\/2025\/01\/CD58C168-7777-E86D-C961-B15B0D33DEFA-1-18x12.jpg 18w\" sizes=\"(max-width: 800px) 100vw, 800px\" \/>\t\t\t\t\t\t\t\t\t\t\t\t\t\t\t<\/div>\n\t\t\t\t<\/div>\n\t\t\t\t<\/div>\n\t\t<div class=\"elementor-element elementor-element-43e374e e-con-full e-flex e-con e-child\" data-id=\"43e374e\" data-element_type=\"container\" data-e-type=\"container\">\n\t\t\t\t<div class=\"elementor-element elementor-element-010664f elementor-widget elementor-widget-text-editor\" data-id=\"010664f\" data-element_type=\"widget\" data-e-type=\"widget\" data-widget_type=\"text-editor.default\">\n\t\t\t\t<div class=\"elementor-widget-container\">\n\t\t\t\t\t\t\t\t\t<p class=\"Normal ospfxw105cbae575179d77ba110c8005847e3bossfx\"><b>Touristische Attraktionen<\/b><\/p><p class=\"Normal ospfxwc23dfb1ca228f8364c81dcef94f92024ossfx\"><b>Die H\u00f6hlen von Nerja:<\/b>\u00a0Obwohl sie technisch gesehen in Nerja liegen, befinden sich diese H\u00f6hlen ganz in der N\u00e4he von Maro und sind eine der wichtigsten Attraktionen der Region. Sie sind ber\u00fchmt f\u00fcr ihre beeindruckenden Stalaktiten- und Stalagmitenformationen und f\u00fcr die Veranstaltung von Konzerten aufgrund ihrer hervorragenden Akustik.<\/p><p class=\"Normal ospfxwe794b404612a0da0fda0dc16953b7268ossfx\"><b>Die Klippen von Maro-Cerro Gordo:<\/b>\u00a0Dieses gesch\u00fctzte Gebiet bietet spektakul\u00e4re Ausblicke auf das Mittelmeer und ist ideal zum Wandern, Schnorcheln und Tauchen. In den Klippen wimmelt es von Meereslebewesen und einheimischer Flora.<\/p>\t\t\t\t\t\t\t\t<\/div>\n\t\t\t\t<\/div>\n\t\t\t\t<\/div>\n\t\t\t\t\t<\/div>\n\t\t\t\t<\/div>\n\t\t<div class=\"elementor-element elementor-element-f93ce18 e-flex e-con-boxed e-con e-parent\" data-id=\"f93ce18\" data-element_type=\"container\" data-e-type=\"container\">\n\t\t\t\t\t<div class=\"e-con-inner\">\n\t\t<div class=\"elementor-element elementor-element-31ae968 e-con-full e-flex e-con e-child\" data-id=\"31ae968\" data-element_type=\"container\" data-e-type=\"container\">\n\t\t\t\t<div class=\"elementor-element elementor-element-66cb7b5 elementor-widget elementor-widget-image\" data-id=\"66cb7b5\" data-element_type=\"widget\" data-e-type=\"widget\" data-widget_type=\"image.default\">\n\t\t\t\t<div class=\"elementor-widget-container\">\n\t\t\t\t\t\t\t\t\t\t\t\t\t\t\t<img decoding=\"async\" width=\"800\" height=\"534\" src=\"https:\/\/casayolimaro.es\/wp-content\/uploads\/2025\/01\/D34E4575-3CBA-0B58-6FA5-5ACCBB074233.jpg\" class=\"attachment-large size-large wp-image-490\" alt=\"\" srcset=\"https:\/\/casayolimaro.es\/wp-content\/uploads\/2025\/01\/D34E4575-3CBA-0B58-6FA5-5ACCBB074233.jpg 1024w, https:\/\/casayolimaro.es\/wp-content\/uploads\/2025\/01\/D34E4575-3CBA-0B58-6FA5-5ACCBB074233-300x200.jpg 300w, https:\/\/casayolimaro.es\/wp-content\/uploads\/2025\/01\/D34E4575-3CBA-0B58-6FA5-5ACCBB074233-768x512.jpg 768w, https:\/\/casayolimaro.es\/wp-content\/uploads\/2025\/01\/D34E4575-3CBA-0B58-6FA5-5ACCBB074233-18x12.jpg 18w\" sizes=\"(max-width: 800px) 100vw, 800px\" \/>\t\t\t\t\t\t\t\t\t\t\t\t\t\t\t<\/div>\n\t\t\t\t<\/div>\n\t\t\t\t<\/div>\n\t\t<div class=\"elementor-element elementor-element-6c35107 e-con-full e-flex e-con e-child\" data-id=\"6c35107\" data-element_type=\"container\" data-e-type=\"container\">\n\t\t\t\t<div class=\"elementor-element elementor-element-e711e1d elementor-widget elementor-widget-text-editor\" data-id=\"e711e1d\" data-element_type=\"widget\" data-e-type=\"widget\" data-widget_type=\"text-editor.default\">\n\t\t\t\t<div class=\"elementor-widget-container\">\n\t\t\t\t\t\t\t\t\t<p class=\"Normal ospfxw50ee1028ad075fd2c6430ec7e4a0eb77ossfx\"><b>Strand Maro:<\/b>\u00a0Dieser Strand ist f\u00fcr seine nat\u00fcrliche Sch\u00f6nheit und sein kristallklares Wasser bekannt. Er ist ideal zum Schwimmen, Schnorcheln und Sonnenbaden in einer ruhigen und malerischen Umgebung.<\/p><p class=\"Normal ospfxw9ec39f99024067c6278ba725db91d453ossfx\"><b>Strand von Burriana:\u00a0\u00a0<\/b>wird Jahr f\u00fcr Jahr mit der blauen Flagge ausgezeichnet. Seit 2016 ist er auch ein Strand mit dem Q f\u00fcr touristische Qualit\u00e4t. Seine 800 Meter L\u00e4nge und 40 Meter Breite mit dunklem Sand machen ihn zu einem der meistbesuchten Str\u00e4nde in Nerja.<\/p><p class=\"Normal ospfxwed445bd4b27ad1d32d815862c98a872fossfx\"><b>Kultur und Kulturerbe<\/b><\/p><p class=\"Normal ospfxw111a95d22710dc636bfe6b7c787202e2ossfx\"><b>Kirche Nuestra Se\u00f1ora de las Maravillas:<\/b>\u00a0Eine kleine Kirche im Zentrum des Dorfes mit einem besonderen Charme, die dem Schutzpatron von Maro gewidmet ist.<\/p>\t\t\t\t\t\t\t\t<\/div>\n\t\t\t\t<\/div>\n\t\t\t\t<\/div>\n\t\t\t\t\t<\/div>\n\t\t\t\t<\/div>\n\t\t<div class=\"elementor-element elementor-element-eea99aa e-flex e-con-boxed e-con e-parent\" data-id=\"eea99aa\" data-element_type=\"container\" data-e-type=\"container\">\n\t\t\t\t\t<div class=\"e-con-inner\">\n\t\t<div class=\"elementor-element elementor-element-f7322cb e-con-full e-flex e-con e-child\" data-id=\"f7322cb\" data-element_type=\"container\" data-e-type=\"container\">\n\t\t\t\t<div class=\"elementor-element elementor-element-2a77fe6 elementor-widget elementor-widget-image\" data-id=\"2a77fe6\" data-element_type=\"widget\" data-e-type=\"widget\" data-widget_type=\"image.default\">\n\t\t\t\t<div class=\"elementor-widget-container\">\n\t\t\t\t\t\t\t\t\t\t\t\t\t\t\t<img loading=\"lazy\" decoding=\"async\" width=\"800\" height=\"450\" src=\"https:\/\/casayolimaro.es\/wp-content\/uploads\/2025\/01\/F9DACE30-9E5C-57F1-15F4-577C1EDE11E3-1-1024x576.jpg\" class=\"attachment-large size-large wp-image-491\" alt=\"\" srcset=\"https:\/\/casayolimaro.es\/wp-content\/uploads\/2025\/01\/F9DACE30-9E5C-57F1-15F4-577C1EDE11E3-1-1024x576.jpg 1024w, https:\/\/casayolimaro.es\/wp-content\/uploads\/2025\/01\/F9DACE30-9E5C-57F1-15F4-577C1EDE11E3-1-300x169.jpg 300w, https:\/\/casayolimaro.es\/wp-content\/uploads\/2025\/01\/F9DACE30-9E5C-57F1-15F4-577C1EDE11E3-1-768x432.jpg 768w, https:\/\/casayolimaro.es\/wp-content\/uploads\/2025\/01\/F9DACE30-9E5C-57F1-15F4-577C1EDE11E3-1-18x10.jpg 18w, https:\/\/casayolimaro.es\/wp-content\/uploads\/2025\/01\/F9DACE30-9E5C-57F1-15F4-577C1EDE11E3-1.jpg 1280w\" sizes=\"(max-width: 800px) 100vw, 800px\" \/>\t\t\t\t\t\t\t\t\t\t\t\t\t\t\t<\/div>\n\t\t\t\t<\/div>\n\t\t\t\t<\/div>\n\t\t<div class=\"elementor-element elementor-element-009a65b e-con-full e-flex e-con e-child\" data-id=\"009a65b\" data-element_type=\"container\" data-e-type=\"container\">\n\t\t\t\t<div class=\"elementor-element elementor-element-d75435f elementor-widget elementor-widget-text-editor\" data-id=\"d75435f\" data-element_type=\"widget\" data-e-type=\"widget\" data-widget_type=\"text-editor.default\">\n\t\t\t\t<div class=\"elementor-widget-container\">\n\t\t\t\t\t\t\t\t\t<p class=\"Normal ospfxw00ec8b882e732e7a56b945e858e06a47ossfx\"><strong>Lokale Feiertage:<\/strong>\u00a0In Maro werden das ganze Jahr \u00fcber verschiedene Feste gefeiert. Das herausragendste Fest ist die Maro-Messe im September zu Ehren der Virgen de las Maravillas. W\u00e4hrend dieses Festes erwacht das Dorf mit Musik, Tanz, traditionellen Speisen und kulturellen Veranstaltungen zum Leben.<\/p><p class=\"Normal ospfxwd8ccb3c11ccbe261446b800cfb0800f9ossfx\"><strong>Aktivit\u00e4ten im Freien<\/strong><\/p><p class=\"Normal ospfxw6367a5a6fc04e3ab616c9c5e1eab5b48ossfx\"><strong>Wandern:<\/strong>\u00a0In der Umgebung von Maro gibt es mehrere Wanderwege, darunter der Weg zum Maro-Wasserfall, ein idealer Ort f\u00fcr Naturliebhaber.<\/p><p class=\"Normal ospfxweef6c8bb2d16e50adc994ec573251b44ossfx\"><b>Wassersport:<\/b>\u00a0Die N\u00e4he zum Meer erm\u00f6glicht verschiedene Wasseraktivit\u00e4ten wie Kajakfahren, Schnorcheln und Tauchen. Es gibt lokale Unternehmen, die Ausr\u00fcstung verleihen und gef\u00fchrte Ausfl\u00fcge anbieten.<\/p>\t\t\t\t\t\t\t\t<\/div>\n\t\t\t\t<\/div>\n\t\t\t\t<\/div>\n\t\t\t\t\t<\/div>\n\t\t\t\t<\/div>\n\t\t<div class=\"elementor-element elementor-element-b18e687 e-flex e-con-boxed e-con e-parent\" data-id=\"b18e687\" data-element_type=\"container\" data-e-type=\"container\">\n\t\t\t\t\t<div class=\"e-con-inner\">\n\t\t<div class=\"elementor-element elementor-element-86d0266 e-con-full e-flex e-con e-child\" data-id=\"86d0266\" data-element_type=\"container\" data-e-type=\"container\">\n\t\t\t\t<div class=\"elementor-element elementor-element-b0f4d90 elementor-widget elementor-widget-image\" data-id=\"b0f4d90\" data-element_type=\"widget\" data-e-type=\"widget\" data-widget_type=\"image.default\">\n\t\t\t\t<div class=\"elementor-widget-container\">\n\t\t\t\t\t\t\t\t\t\t\t\t\t\t\t<img loading=\"lazy\" decoding=\"async\" width=\"640\" height=\"420\" src=\"https:\/\/casayolimaro.es\/wp-content\/uploads\/2025\/01\/C212F427-809F-F94F-AAF1-379AE5336ED1.jpg\" class=\"attachment-large size-large wp-image-492\" alt=\"\" srcset=\"https:\/\/casayolimaro.es\/wp-content\/uploads\/2025\/01\/C212F427-809F-F94F-AAF1-379AE5336ED1.jpg 640w, https:\/\/casayolimaro.es\/wp-content\/uploads\/2025\/01\/C212F427-809F-F94F-AAF1-379AE5336ED1-300x197.jpg 300w, https:\/\/casayolimaro.es\/wp-content\/uploads\/2025\/01\/C212F427-809F-F94F-AAF1-379AE5336ED1-18x12.jpg 18w\" sizes=\"(max-width: 640px) 100vw, 640px\" \/>\t\t\t\t\t\t\t\t\t\t\t\t\t\t\t<\/div>\n\t\t\t\t<\/div>\n\t\t\t\t<\/div>\n\t\t<div class=\"elementor-element elementor-element-ca849bf e-con-full e-flex e-con e-child\" data-id=\"ca849bf\" data-element_type=\"container\" data-e-type=\"container\">\n\t\t\t\t<div class=\"elementor-element elementor-element-334ae09 elementor-widget elementor-widget-text-editor\" data-id=\"334ae09\" data-element_type=\"widget\" data-e-type=\"widget\" data-widget_type=\"text-editor.default\">\n\t\t\t\t<div class=\"elementor-widget-container\">\n\t\t\t\t\t\t\t\t\t<p class=\"Normal ospfxwbd552ff78f98434f8988198f35cf9ad0ossfx\"><strong>Gastronomie<\/strong><\/p><p class=\"Normal ospfxw65b0f6ec1a47adcdb7f8baea1db39e87ossfx\"><strong>Restaurants:<\/strong>\u00a0In Maro und Umgebung finden Sie Restaurants mit traditioneller andalusischer K\u00fcche, mit typischen Gerichten wie \"pesca\u00edto frito\" (gebratener Fisch), \"Paella\" und verschiedenen Tapas.<\/p><p class=\"Normal ospfxw6c318a0c7cc6d2ebd99bd76681a209b1ossfx\">Maro ist ein bezauberndes Reiseziel, das nat\u00fcrliche Sch\u00f6nheit mit dem kulturellen Reichtum Andalusiens verbindet. Es ist ideal f\u00fcr alle, die einen ruhigen und authentischen Ort abseits des Trubels der gro\u00dfen St\u00e4dte suchen.<\/p>\t\t\t\t\t\t\t\t<\/div>\n\t\t\t\t<\/div>\n\t\t\t\t<\/div>\n\t\t\t\t\t<\/div>\n\t\t\t\t<\/div>\n\t\t\t\t<\/div>","protected":false},"excerpt":{"rendered":"<p>Informaci\u00f3n sobre la regi\u00f3n Maro es una peque\u00f1a y pintoresca localidad situada en la provincia de M\u00e1laga, en la comunidad aut\u00f3noma de Andaluc\u00eda, Espa\u00f1a. Es parte del municipio de Nerja, conocido por sus impresionantes cuevas y hermosas playas. Aqu\u00ed tienes una gu\u00eda tur\u00edstica sobre Maro: Localizaci\u00f3n:\u00a0Maro se encuentra a aproximadamente 4 km al este de [&hellip;]<\/p>","protected":false},"author":1,"featured_media":0,"parent":0,"menu_order":0,"comment_status":"closed","ping_status":"closed","template":"","meta":{"footnotes":""},"class_list":["post-477","page","type-page","status-publish","hentry"],"_hostinger_reach_plugin_has_subscription_block":false,"_hostinger_reach_plugin_is_elementor":false,"_links":{"self":[{"href":"https:\/\/casayolimaro.es\/de\/wp-json\/wp\/v2\/pages\/477","targetHints":{"allow":["GET"]}}],"collection":[{"href":"https:\/\/casayolimaro.es\/de\/wp-json\/wp\/v2\/pages"}],"about":[{"href":"https:\/\/casayolimaro.es\/de\/wp-json\/wp\/v2\/types\/page"}],"author":[{"embeddable":true,"href":"https:\/\/casayolimaro.es\/de\/wp-json\/wp\/v2\/users\/1"}],"replies":[{"embeddable":true,"href":"https:\/\/casayolimaro.es\/de\/wp-json\/wp\/v2\/comments?post=477"}],"version-history":[{"count":13,"href":"https:\/\/casayolimaro.es\/de\/wp-json\/wp\/v2\/pages\/477\/revisions"}],"predecessor-version":[{"id":561,"href":"https:\/\/casayolimaro.es\/de\/wp-json\/wp\/v2\/pages\/477\/revisions\/561"}],"wp:attachment":[{"href":"https:\/\/casayolimaro.es\/de\/wp-json\/wp\/v2\/media?parent=477"}],"curies":[{"name":"wp","href":"https:\/\/api.w.org\/{rel}","templated":true}]}}