{"id":18,"date":"2025-01-08T14:49:35","date_gmt":"2025-01-08T13:49:35","guid":{"rendered":"https:\/\/casayolimaro.es\/?page_id=18"},"modified":"2025-01-27T16:24:15","modified_gmt":"2025-01-27T15:24:15","slug":"aviso-legal","status":"publish","type":"page","link":"https:\/\/casayolimaro.es\/de\/aviso-legal\/","title":{"rendered":"Rechtlicher Hinweis"},"content":{"rendered":"<p>RECHTLICHER HINWEIS UND ALLGEMEINE NUTZUNGSBEDINGUNGEN<\/p>\n\n\n\n<p>I. ALLGEMEINE INFORMATIONEN<\/p>\n\n\n\n<p>In Erf\u00fcllung der Informationspflicht gem\u00e4\u00df dem Gesetz 34\/2002 \u00fcber die Dienste der Informationsgesellschaft und den elektronischen Gesch\u00e4ftsverkehr (LSSI-CE) werden im Folgenden die allgemeinen Informationen zu dieser Website gegeben.<\/p>\n\n\n\n<p>Der Eigent\u00fcmer dieser Website https:\/\/casayolimaro.es\/ (im Folgenden Website) ist: Rafael Ruiz Casanova, mit DNI: 52582749 B, und dessen Kontaktdaten sind<\/p>\n\n\n\n<p>Anschrift: Avenida Camino Viejo de V\u00e9lez, 12 - 114 - 29700 V\u00e9lez M\u00e1laga<\/p>\n\n\n\n<p>Telefon: +34 687 793 450<\/p>\n\n\n\n<p>E-Mail: dbocetos@gmail.com<\/p>\n\n\n\n<p>II. ALLGEMEINE NUTZUNGSBEDINGUNGEN<\/p>\n\n\n\n<p>Der Gegenstand der Bedingungen: Die Website<\/p>\n\n\n\n<p>Zweck dieser allgemeinen Nutzungsbedingungen (im Folgenden Bedingungen genannt) ist es, den Zugang zu und die Nutzung der Website zu regeln. Unter der Website im Sinne dieser Bedingungen sind zu verstehen: das \u00e4u\u00dfere Erscheinungsbild der Bildschirmoberfl\u00e4chen, sowohl statisch als auch dynamisch, d.h. der Navigationsbaum; und alle Elemente, die sowohl in die Bildschirmoberfl\u00e4chen als auch in den Navigationsbaum integriert sind (im Folgenden: Inhalte) sowie alle Online-Dienste oder Ressourcen, die sie den Nutzern anbieten kann (im Folgenden: Dienste).<\/p>\n\n\n\n<p>Apartamentos Casa Yoli beh\u00e4lt sich das Recht vor, jederzeit und ohne vorherige Ank\u00fcndigung die Pr\u00e4sentation und Konfiguration der Website sowie die darin enthaltenen Inhalte und Dienstleistungen zu \u00e4ndern. Der Nutzer erkennt an und akzeptiert, dass Apartamentos Casa Yoli jederzeit jedes dieser in der Website enthaltenen Elemente oder den Zugang zu ihnen unterbrechen, deaktivieren und\/oder l\u00f6schen kann.<\/p>\n\n\n\n<p>Der Zugang des Nutzers zur Website ist kostenlos und erfolgt in der Regel unentgeltlich, ohne dass der Nutzer daf\u00fcr eine Gegenleistung erbringen muss, mit Ausnahme der Kosten f\u00fcr die Verbindung \u00fcber das Telekommunikationsnetz, die von dem vom Nutzer beauftragten Zugangsanbieter bereitgestellt werden.<\/p>\n\n\n\n<p>Die Nutzung von Inhalten oder Diensten der Website kann durch ein vorheriges Abonnement oder eine Registrierung durch den Nutzer erfolgen.<\/p>\n\n\n\n<p>Der Benutzer<\/p>\n\n\n\n<p>Der Zugang, das Surfen und die Nutzung der Website verleihen dem Nutzer die Eigenschaft eines Benutzers, und als solcher werden von dem Moment an, in dem das Surfen auf der Website beginnt, alle hier festgelegten Bedingungen akzeptiert, ebenso wie alle sp\u00e4teren \u00c4nderungen, unbeschadet der Anwendung der entsprechenden gesetzlichen Bestimmungen, die je nach Fall eingehalten werden m\u00fcssen. In Anbetracht der Relevanz des Vorstehenden wird dem Benutzer empfohlen, sie bei jedem Besuch der Website zu lesen.<\/p>\n\n\n\n<p>Die Website von Apartamentos Casa Yoli bietet eine breite Palette von Informationen, Dienstleistungen und Daten. Der Benutzer \u00fcbernimmt die Verantwortung f\u00fcr die korrekte Nutzung der Website. Diese Verantwortung erstreckt sich auf:<\/p>\n\n\n\n<p>Jegliche Nutzung der von Apartamentos Casa Yoli angebotenen Informationen, Inhalte und\/oder Dienstleistungen und Daten, die gegen die Bestimmungen dieser Bedingungen, das Gesetz, die Moral oder die \u00f6ffentliche Ordnung verst\u00f6\u00dft oder auf andere Weise die Rechte Dritter oder den Betrieb der Website verletzen k\u00f6nnte.<\/p>\n\n\n\n<p>Die Richtigkeit und Rechtm\u00e4\u00dfigkeit der vom Benutzer in den von Apartamentos Casa Yoli bereitgestellten Formularen f\u00fcr den Zugang zu bestimmten Inhalten oder Dienstleistungen, die von der Website angeboten werden. In jedem Fall ist der Nutzer verpflichtet, Apartamentos Casa Yoli unverz\u00fcglich \u00fcber jedes Ereignis zu informieren, das eine missbr\u00e4uchliche Verwendung der in diesen Formularen registrierten Informationen erm\u00f6glicht, wie z. B. Diebstahl, Verlust oder unbefugter Zugriff auf Identifikatoren und\/oder Passw\u00f6rter, um deren sofortige L\u00f6schung zu veranlassen.<\/p>\n\n\n\n<p>Der blo\u00dfe Zugriff auf diese Website impliziert keine Art von Gesch\u00e4ftsbeziehung zwischen Apartamentos Casa Yoli und dem Nutzer.<\/p>\n\n\n\n<p>In \u00dcbereinstimmung mit der geltenden Gesetzgebung richtet sich diese Website von Casa Yoli Apartments an alle Personen, unabh\u00e4ngig von ihrem Alter, die auf die Seiten der Website zugreifen und\/oder diese durchsuchen k\u00f6nnen.<\/p>\n\n\n\n<p>III. ZUGANG UND NAVIGATION AUF DER WEBSITE: AUSSCHLUSS VON GEW\u00c4HRLEISTUNG UND HAFTUNG<\/p>\n\n\n\n<p>Apartamentos Casa Yoli \u00fcbernimmt keine Garantie f\u00fcr die Kontinuit\u00e4t, Verf\u00fcgbarkeit und N\u00fctzlichkeit der Website, noch f\u00fcr die Inhalte oder Dienstleistungen. Apartamentos Casa Yoli wird alle Anstrengungen unternehmen, um das ordnungsgem\u00e4\u00dfe Funktionieren der Website zu gew\u00e4hrleisten, aber es ist nicht verantwortlich f\u00fcr und garantiert nicht, dass der Zugang zu dieser Website ununterbrochen oder fehlerfrei sein wird.<\/p>\n\n\n\n<p>Sie \u00fcbernimmt auch keine Verantwortung oder Garantie daf\u00fcr, dass der Inhalt oder die Software, auf die \u00fcber diese Website zugegriffen werden kann, frei von Fehlern ist oder Sch\u00e4den am Computersystem (Software und Hardware) des Benutzers verursacht. Unter keinen Umst\u00e4nden haftet Apartamentos Casa Yoli f\u00fcr Verluste, Sch\u00e4den oder Beeintr\u00e4chtigungen jeglicher Art, die sich aus dem Zugriff, dem Surfen und der Nutzung der Website ergeben, einschlie\u00dflich, aber nicht beschr\u00e4nkt auf Sch\u00e4den an Computersystemen oder solche, die durch die Einf\u00fchrung von Viren verursacht werden.<\/p>\n\n\n\n<p>Apartamentos Casa Yoli haftet auch nicht f\u00fcr Sch\u00e4den, die dem Nutzer durch unsachgem\u00e4\u00dfe Nutzung dieser Website entstehen k\u00f6nnen. Insbesondere haftet Apartamentos Casa Yoli in keiner Weise f\u00fcr eventuelle Telekommunikationsausf\u00e4lle, Unterbrechungen, St\u00f6rungen oder Defekte.<\/p>\n\n\n\n<p>IV. KOPPLUNGSPOLITIK<\/p>\n\n\n\n<p>Wir informieren Sie dar\u00fcber, dass die Website von Apartamentos Casa Yoli den Nutzern Mittel zur Verkn\u00fcpfung (wie u.a. Links, Banner, Schaltfl\u00e4chen), Verzeichnisse und Suchmaschinen zur Verf\u00fcgung stellt oder stellen kann, die den Nutzern den Zugang zu Websites erm\u00f6glichen, die Dritten geh\u00f6ren und\/oder von diesen verwaltet werden.<\/p>\n\n\n\n<p>Die Einrichtung dieser Links, Verzeichnisse und Suchmaschinen auf der Website soll den Nutzern die Suche nach und den Zugang zu den im Internet verf\u00fcgbaren Informationen erleichtern und darf nicht als Anregung, Empfehlung oder Aufforderung zum Besuch dieser Websites verstanden werden.<\/p>\n\n\n\n<p>Apartamentos Casa Yoli bietet oder vermarktet weder in eigenem Namen noch \u00fcber Dritte die auf solchen verlinkten Websites verf\u00fcgbaren Produkte und\/oder Dienstleistungen.<\/p>\n\n\n\n<p>Sie \u00fcbernimmt auch keine Garantie f\u00fcr die technische Verf\u00fcgbarkeit, Genauigkeit, Richtigkeit, G\u00fcltigkeit oder Rechtm\u00e4\u00dfigkeit von Websites, die nicht in ihrem Besitz sind und auf die \u00fcber die Links zugegriffen werden kann.<\/p>\n\n\n\n<p>Apartamentos Casa Yoli \u00fcberpr\u00fcft oder kontrolliert unter keinen Umst\u00e4nden den Inhalt anderer Websites, noch billigt, pr\u00fcft oder unterst\u00fctzt es die Produkte und Dienstleistungen, den Inhalt, die Dateien und jegliches andere Material, das sich auf den oben genannten verlinkten Websites befindet.<\/p>\n\n\n\n<p>Apartamentos Casa Yoli \u00fcbernimmt keine Verantwortung f\u00fcr Sch\u00e4den, die aus dem Zugang, der Nutzung, der Qualit\u00e4t oder der Rechtm\u00e4\u00dfigkeit der Inhalte, Mitteilungen, Meinungen, Produkte und Dienstleistungen von Websites entstehen, die nicht von Apartamentos Casa Yoli verwaltet werden und die mit dieser Website verlinkt sind.<\/p>\n\n\n\n<p>Der Nutzer oder ein Dritter, der einen Hyperlink von einer Webseite einer anderen Website auf die Website von Casa Yoli flats setzt, sollte sich bewusst sein, dass:<\/p>\n\n\n\n<p>Die vollst\u00e4ndige oder teilweise Vervielf\u00e4ltigung der Inhalte und\/oder Dienstleistungen der Website ist ohne ausdr\u00fcckliche Genehmigung von Apartamentos Casa Yoli nicht gestattet.<\/p>\n\n\n\n<p>Es sind keine falschen, ungenauen oder inkorrekten Aussagen \u00fcber die Website von Apartamentos Casa Yoli, noch \u00fcber den Inhalt und\/oder die Dienstleistungen derselben erlaubt.<\/p>\n\n\n\n<p>Mit Ausnahme des Hyperlinks darf die Website, auf der der Hyperlink eingerichtet ist, keine Elemente dieser Website enthalten, die nach spanischem Recht als geistiges Eigentum gesch\u00fctzt sind, es sei denn, es liegt eine ausdr\u00fcckliche Genehmigung von Apartamentos Casa Yoli vor.<\/p>\n\n\n\n<p>Die Einrichtung des Hyperlinks impliziert weder das Bestehen einer Beziehung zwischen Apartamentos Casa Yoli und dem Eigent\u00fcmer der Website, von der er ausgeht, noch die Kenntnis und Akzeptanz der auf der genannten Website angebotenen Inhalte, Dienstleistungen und\/oder Aktivit\u00e4ten durch Apartamentos Casa Yoli und umgekehrt.<\/p>\n\n\n\n<p>V. GEISTIGES UND GEWERBLICHES EIGENTUM<\/p>\n\n\n\n<p>Apartamentos Casa Yoli ist selbst oder als Rechtsnachfolger Eigent\u00fcmer aller geistigen und gewerblichen Eigentumsrechte an der Website sowie der darin enthaltenen Elemente (einschlie\u00dflich, aber nicht beschr\u00e4nkt auf Bilder, Ton, Audio, Video, Software oder Texte, Marken oder Logos, Farbkombinationen, Struktur und Design, Auswahl der verwendeten Materialien, Computerprogramme, die f\u00fcr den Betrieb, den Zugang und die Nutzung erforderlich sind, usw.). Es handelt sich also um Werke, die als geistiges Eigentum durch das spanische Rechtssystem gesch\u00fctzt sind, da auf sie sowohl die spanischen und gemeinschaftlichen Vorschriften in diesem Bereich als auch die von Spanien unterzeichneten internationalen Vertr\u00e4ge in diesem Bereich anwendbar sind.<\/p>\n\n\n\n<p>Alle Rechte vorbehalten. Gem\u00e4\u00df den Bestimmungen des Gesetzes \u00fcber geistiges Eigentum ist die Vervielf\u00e4ltigung, Verbreitung und \u00f6ffentliche Wiedergabe, einschlie\u00dflich der Zurverf\u00fcgungstellung, des gesamten oder eines Teils des Inhalts dieser Website zu kommerziellen Zwecken in jeglichem Medium und mit jeglichen technischen Mitteln ohne Genehmigung von apartamentos Casa Yoli ausdr\u00fccklich verboten.<\/p>\n\n\n\n<p>Der Nutzer verpflichtet sich, die geistigen und gewerblichen Eigentumsrechte von Apartamentos Casa Yoli zu respektieren. Er darf die Elemente der Website ansehen oder sogar ausdrucken, kopieren und auf der Festplatte seines Computers oder einem anderen physischen Medium speichern, sofern dies ausschlie\u00dflich zum pers\u00f6nlichen Gebrauch erfolgt. Der Nutzer darf jedoch keine auf der Website installierten Schutzvorrichtungen oder Sicherheitssysteme entfernen, ver\u00e4ndern oder manipulieren.<\/p>\n\n\n\n<p>Sollte der Nutzer oder ein Dritter der Ansicht sein, dass ein Inhalt der Website die Rechte am geistigen Eigentum verletzt, muss er\/sie Apartamentos Casa Yoli unverz\u00fcglich \u00fcber die Kontaktdaten im Abschnitt ALLGEMEINE INFORMATIONEN dieser rechtlichen Hinweise und allgemeinen Nutzungsbedingungen informieren.<\/p>\n\n\n\n<p>VI. GERICHTSVERFAHREN, ANWENDBARES RECHT UND GERICHTSBARKEIT<\/p>\n\n\n\n<p>Apartamentos Casa Yoli beh\u00e4lt sich das Recht vor, zivil- oder strafrechtliche Schritte einzuleiten, wenn die Website und ihre Inhalte missbr\u00e4uchlich genutzt werden oder wenn gegen die vorliegenden Bedingungen versto\u00dfen wird.<\/p>\n\n\n\n<p>Die Beziehung zwischen dem Nutzer und Casa Yoli Apartments unterliegt den geltenden und auf spanischem Territorium anwendbaren Bestimmungen. Sollte es zu Streitigkeiten in Bezug auf die Auslegung und\/oder Anwendung dieser Bedingungen kommen, unterwerfen sich die Parteien der ordentlichen Gerichtsbarkeit, wobei sie sich den entsprechenden Richtern und Gerichten gem\u00e4\u00df dem Gesetz unterwerfen.<\/p>","protected":false},"excerpt":{"rendered":"<p>AVISO LEGAL Y CONDICIONES GENERALES DE USO I. INFORMACI\u00d3N GENERAL En cumplimiento con el deber de informaci\u00f3n dispuesto en la Ley 34\/2002 de servicios de la sociedad de la informaci\u00f3n y el comercio electr\u00f3nico (LSSI-CE), se facilitan a continuaci\u00f3n los siguientes datos de informaci\u00f3n general de este sitio web. La titularidad de este sitio web, [&hellip;]<\/p>","protected":false},"author":1,"featured_media":0,"parent":0,"menu_order":0,"comment_status":"closed","ping_status":"closed","template":"","meta":{"footnotes":""},"class_list":["post-18","page","type-page","status-publish","hentry"],"_hostinger_reach_plugin_has_subscription_block":false,"_hostinger_reach_plugin_is_elementor":false,"_links":{"self":[{"href":"https:\/\/casayolimaro.es\/de\/wp-json\/wp\/v2\/pages\/18","targetHints":{"allow":["GET"]}}],"collection":[{"href":"https:\/\/casayolimaro.es\/de\/wp-json\/wp\/v2\/pages"}],"about":[{"href":"https:\/\/casayolimaro.es\/de\/wp-json\/wp\/v2\/types\/page"}],"author":[{"embeddable":true,"href":"https:\/\/casayolimaro.es\/de\/wp-json\/wp\/v2\/users\/1"}],"replies":[{"embeddable":true,"href":"https:\/\/casayolimaro.es\/de\/wp-json\/wp\/v2\/comments?post=18"}],"version-history":[{"count":2,"href":"https:\/\/casayolimaro.es\/de\/wp-json\/wp\/v2\/pages\/18\/revisions"}],"predecessor-version":[{"id":550,"href":"https:\/\/casayolimaro.es\/de\/wp-json\/wp\/v2\/pages\/18\/revisions\/550"}],"wp:attachment":[{"href":"https:\/\/casayolimaro.es\/de\/wp-json\/wp\/v2\/media?parent=18"}],"curies":[{"name":"wp","href":"https:\/\/api.w.org\/{rel}","templated":true}]}}