{"id":16,"date":"2025-01-08T14:49:19","date_gmt":"2025-01-08T13:49:19","guid":{"rendered":"https:\/\/casayolimaro.es\/?page_id=16"},"modified":"2025-01-08T14:49:20","modified_gmt":"2025-01-08T13:49:20","slug":"politica-de-cookies","status":"publish","type":"page","link":"https:\/\/casayolimaro.es\/de\/politica-de-cookies\/","title":{"rendered":"Cookie-Richtlinie"},"content":{"rendered":"<p><\/p>\n\n\n\n<p><strong>INFORMATIONEN \u00dcBER COOKIES<\/strong><\/p>\n\n\n\n<p>Gem\u00e4\u00df dem Gesetz 34\/2002 vom 11. Juli \u00fcber die Dienste der Informationsgesellschaft und den elektronischen Handel (LSSI), in Verbindung mit der Verordnung (EU) 2016\/679 des Europ\u00e4ischen Parlaments und des Rates vom 27. April 2016, Allgemeine Datenschutzverordnung (GDPR), und dem Organgesetz 3\/2018 vom 5. Dezember \u00fcber den Datenschutz und die Garantie der digitalen Rechte (LOPDGDD), ist es obligatorisch, die ausdr\u00fcckliche Zustimmung des Nutzers aller Websites, die entbehrliche Cookies verwenden, einzuholen, bevor der Nutzer sie besucht.<\/p>\n\n\n\n<p><strong>WAS SIND COOKIES?<\/strong><\/p>\n\n\n\n<p>Die&nbsp;<em>Cookies&nbsp;<\/em>und andere \u00e4hnliche Technologien wie lokal freigegebene Objekte, Flash und andere \u00e4hnliche Technologien wie lokal freigegebene Objekte.&nbsp;<em>Cookies&nbsp;<\/em>oder Pixel, sind Hilfsmittel, die von Webservern verwendet werden, um Informationen \u00fcber ihre Besucher zu speichern und abzurufen, sowie um ein korrektes Funktionieren der Website zu gew\u00e4hrleisten.<\/p>\n\n\n\n<p>Die Verwendung dieser Ger\u00e4te erm\u00f6glicht es dem Webserver, sich einige Daten \u00fcber den Benutzer zu merken, z. B. seine Vorlieben f\u00fcr die Anzeige der Seiten dieses Servers, seinen Namen und sein Passwort, die Produkte, f\u00fcr die er sich am meisten interessiert, usw.<\/p>\n\n\n\n<p><strong><em>COOKIES&nbsp;<\/em><\/strong><strong>VON DER VERORDNUNG BETROFFENE UND AUSGENOMMENE COOKIES<\/strong><\/p>\n\n\n\n<p>Gem\u00e4\u00df der EU-Richtlinie muss die&nbsp;<em>Cookies&nbsp;<\/em>die die informierte Zustimmung des Nutzers erfordern, sind die folgenden&nbsp;<em>Cookies&nbsp;<\/em>Analytik, Werbung und Zugeh\u00f6rigkeit, mit Ausnahme derjenigen, die technischer Natur sind und die f\u00fcr den Betrieb der Website oder die Erbringung von Dienstleistungen, die vom Nutzer ausdr\u00fccklich angefordert wurden, notwendig sind.<\/p>\n\n\n\n<p><strong>ARTEN VON COOKIES<\/strong><\/p>\n\n\n\n<p><strong>JE NACH ZWECK<\/strong><\/p>\n\n\n\n<p><em><strong>Cookies&nbsp;<\/strong><\/em><strong>technisch und funktionell<\/strong>sind solche, die es dem Nutzer erm\u00f6glichen, auf einer Website, einer Plattform oder einer Anwendung zu surfen und die verschiedenen Optionen oder Dienste zu nutzen, die dort angeboten werden.<em>.<\/em><\/p>\n\n\n\n<p><em><strong>Cookies&nbsp;<\/strong><\/em><strong>Analytik<\/strong>Diese erm\u00f6glichen es dem Verantwortlichen, das Verhalten der Nutzer der Websites, mit denen sie verkn\u00fcpft sind, zu beobachten und zu analysieren. Die Informationen, die durch diese Art von&nbsp;<em>Cookies<\/em>&nbsp;wird zur Messung der Aktivit\u00e4t von Websites, Anwendungen oder Plattformen und zur Erstellung von Browsing-Profilen der Nutzer dieser Websites, Anwendungen und Plattformen verwendet, um auf der Grundlage der Analyse der Daten \u00fcber die Nutzung des Dienstes durch die Nutzer Verbesserungen vornehmen zu k\u00f6nnen.<\/p>\n\n\n\n<p><em><strong>Cookies<\/strong><\/em>&nbsp;<strong>Werbung:<\/strong>&nbsp;sind solche, die eine m\u00f6glichst effiziente Verwaltung der Werbefl\u00e4chen erm\u00f6glichen, die der Herausgeber gegebenenfalls auf einer Website, einer Anwendung oder einer Plattform, von der aus er den angeforderten Dienst erbringt, nach Kriterien wie dem bearbeiteten Inhalt oder der H\u00e4ufigkeit der Anzeigenschaltung eingerichtet hat.<\/p>\n\n\n\n<p><em><strong>Cookies&nbsp;<\/strong><\/em><strong>der verhaltensbasierten Werbung<\/strong>Informationen \u00fcber die pers\u00f6nlichen Vorlieben und Entscheidungen des Nutzers sammeln (<em>Neuausrichtung<\/em>), um eine m\u00f6glichst effiziente Verwaltung der Werbefl\u00e4chen zu erm\u00f6glichen, die der Herausgeber gegebenenfalls auf einer Website, einer Anwendung oder einer Plattform eingerichtet hat, \u00fcber die er den angeforderten Dienst anbietet.<\/p>\n\n\n\n<p><em><strong>Cookies&nbsp;<\/strong><\/em><strong>sozial<\/strong>werden von Social-Media-Plattformen in den Diensten eingerichtet, damit Sie Inhalte mit Ihren Freunden und Netzwerken teilen k\u00f6nnen. Plattformen f\u00fcr soziale Medien haben die M\u00f6glichkeit, Ihre Online-Aktivit\u00e4ten au\u00dferhalb der Dienste zu verfolgen. Dies kann sich auf die Inhalte und Nachrichten auswirken, die Sie bei anderen von Ihnen besuchten Diensten sehen.<\/p>\n\n\n\n<p><em><strong>Cookies&nbsp;<\/strong><\/em><strong>der Mitglieder<\/strong>: Sie erm\u00f6glichen es, Besuche von anderen Websites zu verfolgen, mit denen die Website einen Partnerschaftsvertrag hat (Partnerunternehmen).<\/p>\n\n\n\n<p><em><strong>Cookies&nbsp;<\/strong><\/em><strong>Sicherheit<\/strong>Sie speichern verschl\u00fcsselte Informationen, um zu verhindern, dass die auf ihnen gespeicherten Daten durch b\u00f6swillige Angriffe Dritter angreifbar sind.<\/p>\n\n\n\n<p><strong>NACH DEN EIGENTUMSVERH\u00c4LTNISSEN<\/strong><\/p>\n\n\n\n<p><em><strong>Cookies<\/strong><\/em><strong>&nbsp;eigene<\/strong>sind solche, die von einem Computer oder einer Dom\u00e4ne, die vom Herausgeber selbst verwaltet wird und von der aus der vom Nutzer gew\u00fcnschte Dienst erbracht wird, an das Endger\u00e4t des Nutzers gesendet werden.<\/p>\n\n\n\n<p><em><strong>Cookies<\/strong><\/em>&nbsp;<strong>von Dritten:<\/strong>&nbsp;Cookies sind solche, die von einem Computer oder einer Dom\u00e4ne, die nicht vom Herausgeber, sondern von einer anderen Einheit, die die durch die Cookies erhaltenen Daten verarbeitet, an das Endger\u00e4t des Benutzers gesendet werden.<\/p>\n\n\n\n<p><strong>ENTSPRECHEND DER HALTBARKEITSDAUER<\/strong><\/p>\n\n\n\n<p><em><strong>Cookies<\/strong><\/em><strong>&nbsp;Sitzung:<\/strong>&nbsp;sind eine Art von&nbsp;<em>Cookies<\/em>&nbsp;zum Sammeln und Speichern von Daten, w\u00e4hrend der Benutzer eine Webseite aufruft.<\/p>\n\n\n\n<p><em><strong>Cookies<\/strong><\/em><strong>&nbsp;hartn\u00e4ckig:<\/strong>&nbsp;sind eine Art Cookie, bei dem die Daten auf dem Endger\u00e4t gespeichert bleiben und f\u00fcr einen vom f\u00fcr die Datenverarbeitung Verantwortlichen festgelegten Zeitraum abgerufen und verarbeitet werden k\u00f6nnen.&nbsp;<em>Cookie<\/em>und kann zwischen einigen Minuten und mehreren Jahren liegen.<\/p>\n\n\n\n<p><strong>VERARBEITUNG VON PERSONENBEZOGENEN DATEN<\/strong><\/p>\n\n\n\n<p>Wir sind&nbsp;<strong>Verantwortlicher f\u00fcr die Datenverarbeitung<\/strong>&nbsp;der personenbezogenen Daten des&nbsp;<strong>Interessiert&nbsp;<\/strong>und informiert Sie dar\u00fcber, dass diese Daten im Einklang mit den Bestimmungen der Verordnung (EU) 2016\/679 vom 27. April 2016 (GDPR) verarbeitet werden, zu der Sie die folgenden Informationen zur Verarbeitung erhalten:<\/p>\n\n\n\n<p><strong>Ziele der Behandlung:&nbsp;<\/strong>wie sie in der&nbsp;<em>Cookies&nbsp;<\/em>die auf dieser Website verwendet werden.<\/p>\n\n\n\n<p><strong>Legitimation der Verarbeitung<\/strong>mit Zustimmung der betroffenen Person (Art. 6.1 GDPR).<\/p>\n\n\n\n<p><strong>Kriterien f\u00fcr die Datenaufbewahrung<\/strong>wie sie in der&nbsp;<em>Cookies&nbsp;<\/em>im Internet verwendet.<\/p>\n\n\n\n<p><strong>\u00dcbermittlung von Daten<\/strong>Es werden keine Daten an Dritte weitergegeben, es sei denn, es handelt sich um Cookies, die Dritten geh\u00f6ren, oder es besteht eine gesetzliche Verpflichtung.<\/p>\n\n\n\n<p><strong>Rechte des Stakeholders<\/strong>:<\/p>\n\n\n\n<ul class=\"wp-block-list\">\n<li>Recht auf jederzeitigen Widerruf der Einwilligung.<\/li>\n\n\n\n<li>Das Recht auf Zugang, Berichtigung, \u00dcbertragbarkeit und L\u00f6schung Ihrer Daten sowie das Recht, die Verarbeitung einzuschr\u00e4nken oder abzulehnen.<\/li>\n\n\n\n<li>Das Recht, eine Beschwerde bei der Aufsichtsbeh\u00f6rde (www.aepd.es) einzureichen, wenn Sie der Meinung sind, dass die Verarbeitung nicht mit den geltenden Vorschriften \u00fcbereinstimmt.<\/li>\n<\/ul>\n\n\n\n<p><strong>Kontaktdaten f\u00fcr die Wahrnehmung Ihrer Rechte:<\/strong><\/p>\n\n\n\n<p>Rafael Ruiz Casanova<\/p>","protected":false},"excerpt":{"rendered":"<p>INFORMACI\u00d3N SOBRE COOKIES Conforme con la Ley 34\/2002, de 11 de julio, de servicios de la sociedad de la informaci\u00f3n y de comercio electr\u00f3nico (LSSI), en relaci\u00f3n con el Reglamento (UE) 2016\/679 del Parlamento Europeo y del Consejo, de 27 de abril de 2016, General de Protecci\u00f3n de Datos (GDPR) y la Ley Org\u00e1nica 3\/2018, [&hellip;]<\/p>","protected":false},"author":1,"featured_media":0,"parent":0,"menu_order":0,"comment_status":"closed","ping_status":"closed","template":"","meta":{"footnotes":""},"class_list":["post-16","page","type-page","status-publish","hentry"],"_hostinger_reach_plugin_has_subscription_block":false,"_hostinger_reach_plugin_is_elementor":false,"_links":{"self":[{"href":"https:\/\/casayolimaro.es\/de\/wp-json\/wp\/v2\/pages\/16","targetHints":{"allow":["GET"]}}],"collection":[{"href":"https:\/\/casayolimaro.es\/de\/wp-json\/wp\/v2\/pages"}],"about":[{"href":"https:\/\/casayolimaro.es\/de\/wp-json\/wp\/v2\/types\/page"}],"author":[{"embeddable":true,"href":"https:\/\/casayolimaro.es\/de\/wp-json\/wp\/v2\/users\/1"}],"replies":[{"embeddable":true,"href":"https:\/\/casayolimaro.es\/de\/wp-json\/wp\/v2\/comments?post=16"}],"version-history":[{"count":1,"href":"https:\/\/casayolimaro.es\/de\/wp-json\/wp\/v2\/pages\/16\/revisions"}],"predecessor-version":[{"id":17,"href":"https:\/\/casayolimaro.es\/de\/wp-json\/wp\/v2\/pages\/16\/revisions\/17"}],"wp:attachment":[{"href":"https:\/\/casayolimaro.es\/de\/wp-json\/wp\/v2\/media?parent=16"}],"curies":[{"name":"wp","href":"https:\/\/api.w.org\/{rel}","templated":true}]}}