{"id":13,"date":"2025-01-08T14:48:53","date_gmt":"2025-01-08T13:48:53","guid":{"rendered":"https:\/\/casayolimaro.es\/?page_id=13"},"modified":"2025-01-08T14:48:53","modified_gmt":"2025-01-08T13:48:53","slug":"politica-de-privacidad","status":"publish","type":"page","link":"https:\/\/casayolimaro.es\/de\/politica-de-privacidad\/","title":{"rendered":"Datenschutzbestimmungen"},"content":{"rendered":"<p><br>PRIVACY POLICY<\/p>\n\n\n\n<p>Vertraulichkeit und Sicherheit sind die wichtigsten Werte von Apartamentos Casa Yoli, daher verpflichten wir uns, die Privatsph\u00e4re des Benutzers jederzeit zu gew\u00e4hrleisten und keine unn\u00f6tigen Informationen zu sammeln. Im Folgenden geben wir Ihnen alle notwendigen Informationen \u00fcber unsere Datenschutzpolitik in Bezug auf die von uns gesammelten pers\u00f6nlichen Daten und erl\u00e4utern diese:<\/p>\n\n\n\n<ul class=\"wp-block-list\">\n<li>Wer ist f\u00fcr die Verarbeitung Ihrer Daten verantwortlich?<\/li>\n\n\n\n<li>Zu welchen Zwecken wir die von Ihnen angeforderten Daten sammeln.<\/li>\n\n\n\n<li>Was ist die Legitimation f\u00fcr ihre Verarbeitung?<\/li>\n\n\n\n<li>Wie lange wir sie aufbewahren.<\/li>\n\n\n\n<li>An welche Empf\u00e4nger Ihre Daten weitergegeben werden.<\/li>\n\n\n\n<li>Was Ihre Rechte sind.<\/li>\n<\/ul>\n\n\n\n<p><strong>1. verantwortlich<\/strong>:<\/p>\n\n\n\n<p>Wohnungen Casa Yoli - Rafael Ruiz Casanova<\/p>\n\n\n\n<p>2.&nbsp;<strong>Zweck, Rechtm\u00e4\u00dfigkeit und Aufbewahrung der Verarbeitung der \u00fcbermittelten Daten<\/strong>:<\/p>\n\n\n\n<p>KONTAKTFORMULAR<\/p>\n\n\n\n<p><strong>Zweck:<\/strong>&nbsp;Um Ihnen die M\u00f6glichkeit zu geben, mit uns in Kontakt zu treten und auf Ihre Informationsanfragen zu antworten und um Ihnen Mitteilungen zukommen zu lassen, auch auf elektronischem Wege, wenn Sie das entsprechende K\u00e4stchen ankreuzen.<\/p>\n\n\n\n<p><strong>Legitimation:<\/strong>&nbsp;Die Zustimmung des Nutzers, wenn er Informationen \u00fcber unser Kontaktformular anfordert und das K\u00e4stchen ankreuzt, um die Zusendung von Informationen zu akzeptieren.<\/p>\n\n\n\n<p><strong>Konservierung:<\/strong>&nbsp;Bis Ihre Anfrage mit Hilfe unseres Formulars oder per E-Mail beantwortet wurde, sofern sie nicht zu einer neuen Behandlung gef\u00fchrt hat. Wenn Sie zugestimmt haben, kommerzielle Mailings zu erhalten, bis Sie diese abbestellen.<\/p>\n\n\n\n<p>DAS VERSENDEN VON E-MAILS.<\/p>\n\n\n\n<p><strong>Zweck:<\/strong>&nbsp;auf Ihre Informationsanfragen zu reagieren, Ihre Antr\u00e4ge zu bearbeiten und Ihre Fragen oder Zweifel zu beantworten.&nbsp;&nbsp;<\/p>\n\n\n\n<p><strong>Legitimation:<\/strong>&nbsp;Die Zustimmung des Nutzers, wenn er \u00fcber die E-Mail-Adresse Informationen von uns anfordert.<\/p>\n\n\n\n<p><strong>Konservierung:<\/strong>&nbsp;Bis nach der Beantwortung Ihrer Anfrage per E-Mail, wenn keine neue Bearbeitung erfolgt ist.<\/p>\n\n\n\n<p><strong>Verpflichtung, uns Ihre personenbezogenen Daten zur Verf\u00fcgung zu stellen, und die Folgen, wenn Sie dies nicht tun.<\/strong><\/p>\n\n\n\n<p>Die Bereitstellung personenbezogener Daten erfordert ein Mindestalter von 14 Jahren oder gegebenenfalls eine ausreichende Gesch\u00e4ftsf\u00e4higkeit, um einen Vertrag abzuschlie\u00dfen.<\/p>\n\n\n\n<p>Die angeforderten personenbezogenen Daten sind notwendig, um Ihre Anfragen zu bearbeiten und\/oder Ihnen die gew\u00fcnschten Dienstleistungen zu erbringen. Wenn Sie uns diese Daten nicht zur Verf\u00fcgung stellen, k\u00f6nnen wir Sie nicht ordnungsgem\u00e4\u00df betreuen oder Ihnen die gew\u00fcnschten Dienstleistungen erbringen.<\/p>\n\n\n\n<p>3.&nbsp;<strong>Empf\u00e4nger Ihrer Daten<\/strong><\/p>\n\n\n\n<p>Ihre Daten sind vertraulich und werden nicht an Dritte weitergegeben, es sei denn, es besteht eine gesetzliche Verpflichtung dazu.<\/p>\n\n\n\n<p>4.&nbsp;<strong>Rechte in Bezug auf Ihre personenbezogenen Daten<\/strong><\/p>\n\n\n\n<p>Jede Person kann ihre Zustimmung jederzeit zur\u00fcckziehen, wenn sie f\u00fcr die Verarbeitung ihrer Daten erteilt wurde. Der Widerruf der Einwilligung hat in keinem Fall Auswirkungen auf die Erf\u00fcllung des Abonnementvertrags oder die zuvor eingegangenen Beziehungen.<\/p>\n\n\n\n<p>Sie k\u00f6nnen auch die folgenden Rechte aus\u00fcben:<\/p>\n\n\n\n<p>Wo und wie Sie Ihre Rechte geltend machen k\u00f6nnen: Durch ein Schreiben an den f\u00fcr die Verarbeitung Verantwortlichen an die (in Abschnitt A angegebene) Post- oder E-Mail-Adresse unter Angabe des Vermerks \"Pers\u00f6nliche Daten\" und unter Angabe des Rechts, das Sie aus\u00fcben m\u00f6chten, und in Bezug auf welche pers\u00f6nlichen Daten.<\/p>\n\n\n\n<p>Falls Sie mit der Verarbeitung Ihrer Daten durch das Unternehmen nicht einverstanden sind, k\u00f6nnen Sie eine Beschwerde bei der Datenschutzbeh\u00f6rde einreichen (<a href=\"http:\/\/www.agpd.es\/\" target=\"_blank\" rel=\"noopener\"><u>www.agpd.es<\/u><\/a>).<\/p>\n\n\n\n<p>5.&nbsp;<strong>Cookies<\/strong><\/p>\n\n\n\n<p>Diese Website verwendet eigene und fremde (Google Analytics) technische, Personalisierungs-, Analyse- und Werbe-Cookies, die in keinem Fall personenbezogene Daten verarbeiten, sondern die Surfgewohnheiten zu statistischen und Werbezwecken erfassen.<\/p>\n\n\n\n<p>Daher haben wir beim Zugriff auf unsere Website in \u00dcbereinstimmung mit Artikel 22 des Gesetzes \u00fcber die Dienste der Informationsgesellschaft bei der Verarbeitung von Analyse- und Werbe-Cookies Ihre Zustimmung zu deren Verwendung eingeholt und Informationen dar\u00fcber bereitgestellt, die in jedem Fall nach einer angemessenen Zeitspanne installiert werden, so dass der Benutzer Zeit hat zu entscheiden, ob er seine Zustimmung geben m\u00f6chte oder nicht.<\/p>\n\n\n\n<p>6.&nbsp;<strong>Sicherheit Ihrer pers\u00f6nlichen Daten<\/strong><\/p>\n\n\n\n<p>Um die Sicherheit Ihrer personenbezogenen Daten zu gew\u00e4hrleisten, teilen wir Ihnen mit, dass wir alle erforderlichen technischen und organisatorischen Ma\u00dfnahmen ergriffen haben, um die Sicherheit der \u00fcbermittelten personenbezogenen Daten vor Ver\u00e4nderung, Verlust, unbefugter Verarbeitung oder unbefugtem Zugriff zu garantieren.<\/p>\n\n\n\n<p>7.&nbsp;<strong>Aktualisieren Ihrer Daten<\/strong><\/p>\n\n\n\n<p>Damit wir Ihre pers\u00f6nlichen Daten auf dem neuesten Stand halten k\u00f6nnen, ist es wichtig, dass Sie uns informieren, wenn sich Ihre pers\u00f6nlichen Daten ge\u00e4ndert haben, da wir sonst nicht f\u00fcr die Richtigkeit der Daten verantwortlich gemacht werden k\u00f6nnen.<\/p>\n\n\n\n<p>Wir sind nicht verantwortlich f\u00fcr die Datenschutzpolitik in Bezug auf personenbezogene Daten, die Sie \u00fcber Links auf unserer Website an Dritte weitergeben.<\/p>\n\n\n\n<p>Die vorliegende Datenschutzpolitik kann ge\u00e4ndert werden, um sie an eventuelle \u00c4nderungen auf unserer Website sowie an eventuelle \u00c4nderungen der Gesetzgebung oder der Rechtsprechung in Bezug auf personenbezogene Daten anzupassen.<\/p>","protected":false},"excerpt":{"rendered":"<p>POL\u00cdTICA DE PRIVACIDAD La confidencialidad y la seguridad son valores primordiales de Apartamentos Casa Yoli, en consecuencia, asumimos el compromiso de garantizar la privacidad del Usuario en todo momento y de no recabar informaci\u00f3n innecesaria. A continuaci\u00f3n, le proporcionamos toda la informaci\u00f3n necesaria sobre nuestra Pol\u00edtica de Privacidad en relaci\u00f3n con los datos personales que [&hellip;]<\/p>","protected":false},"author":1,"featured_media":0,"parent":0,"menu_order":0,"comment_status":"closed","ping_status":"closed","template":"","meta":{"footnotes":""},"class_list":["post-13","page","type-page","status-publish","hentry"],"_hostinger_reach_plugin_has_subscription_block":false,"_hostinger_reach_plugin_is_elementor":false,"_links":{"self":[{"href":"https:\/\/casayolimaro.es\/de\/wp-json\/wp\/v2\/pages\/13","targetHints":{"allow":["GET"]}}],"collection":[{"href":"https:\/\/casayolimaro.es\/de\/wp-json\/wp\/v2\/pages"}],"about":[{"href":"https:\/\/casayolimaro.es\/de\/wp-json\/wp\/v2\/types\/page"}],"author":[{"embeddable":true,"href":"https:\/\/casayolimaro.es\/de\/wp-json\/wp\/v2\/users\/1"}],"replies":[{"embeddable":true,"href":"https:\/\/casayolimaro.es\/de\/wp-json\/wp\/v2\/comments?post=13"}],"version-history":[{"count":1,"href":"https:\/\/casayolimaro.es\/de\/wp-json\/wp\/v2\/pages\/13\/revisions"}],"predecessor-version":[{"id":15,"href":"https:\/\/casayolimaro.es\/de\/wp-json\/wp\/v2\/pages\/13\/revisions\/15"}],"wp:attachment":[{"href":"https:\/\/casayolimaro.es\/de\/wp-json\/wp\/v2\/media?parent=13"}],"curies":[{"name":"wp","href":"https:\/\/api.w.org\/{rel}","templated":true}]}}